{"id":73958,"date":"2015-05-28T14:54:07","date_gmt":"2015-05-28T14:54:07","guid":{"rendered":"http:\/\/vnh.local\/structure\/?page_id=73958"},"modified":"2025-01-28T15:57:12","modified_gmt":"2025-01-28T15:57:12","slug":"lanotaria","status":"publish","type":"page","link":"https:\/\/notariadelvillar.com\/web\/index.php\/lanotaria\/","title":{"rendered":"LA NOTAR\u00cdA"},"content":{"rendered":"<p>[vc_row css=\u00bb.vc_custom_1484863784964{padding-top: 20px !important;padding-bottom: 20px !important;background-image: url(http:\/\/temporal.taymiperu.com\/wp-content\/uploads\/2016\/12\/M8-1.jpg?id=74997) !important;}\u00bb][vc_column][vc_row_inner][vc_column_inner width=\u00bb1\/4&#8243;][\/vc_column_inner][vc_column_inner width=\u00bb1\/2&#8243;][vc_column_text]<script>\n    jQuery(document).ready(function () {\n        var opt = {};\nopt['source'] = 'image:75829';opt['contentoption'] = '';opt['contentlink'] = '';opt['contenttitle'] = '';opt['contentexcerptrm'] = '';opt['contenttemplate'] = '';opt['superids'] = '';opt['visible'] = '';opt['itemWidth'] = '';opt['itemHeight'] = '';opt['mobileVisible'] = 3;opt['mobileWidth'] = 480;opt['tabletVisible'] = 3;opt['tabletWidth'] = 768;opt['direction'] = 'left';opt['effect'] = 'slide';opt['easing'] = 'linear';opt['easingTime'] = 1000;opt['step'] = 1;opt['auto'] = '';opt['pauseTime'] = 1000;opt['pauseOver'] = '';opt['autoHeight'] = '';opt['slideGap'] = 3;opt['nextPrev'] = '';opt['paging'] = '';opt['circular'] = '';opt['mouseWheel'] = '';opt['swipe'] = '';opt['keys'] = '';opt['superrandom'] = '';opt['smallbut'] = '';opt['navpadding'] = '';opt['navstyle'] = '';opt['customclass'] = 3;opt['autoscroll'] = '';opt['scrollspeed'] = 0.25;opt['superhidden'] = '';opt['mobileItemWidth'] = '';opt['mobileItemHeight'] = '';opt['tabletItemWidth'] = '';opt['tabletItemHeight'] = '';opt['imageSize'] = 'full';opt['caption'] = 'onover';opt['slideHover'] = 'fadein';opt['type'] = 'image';        if (jQuery(\"#supercarousel407151\").find(\">div\").length == 0) {\n            jQuery(\"#supercrsl407151\").hide();\n            return;\n        }\n        \/\/jQuery().framerate();\n        jQuery.fx.interval = 1;\n        var scarousel407151 = jQuery(\"#supercarousel407151\").supercarousel(opt);\n    });\n<\/script>\n<div id=\"supercrsl407151\" class=\"supercrsl\">\n    <div class=\"supercarousel supercaptiononover superslidefadein\" id=\"supercarousel407151\">\n                    <div>\n                <a href=\"https:\/\/notariadelvillar.com\/web\/index.php\/lanotaria\/\" target=\"_self\"><img decoding=\"async\" class=\"imgslide\" src=\"https:\/\/notariadelvillar.com\/web\/wp-content\/uploads\/2017\/02\/VBOYTONNOSOTROS-1.jpg\" alt=\"\" \/><\/a>            <\/div>\n                        <div>\n                <a href=\"https:\/\/notariadelvillar.com\/web\/index.php\/equipodetrabajo\/\" target=\"_self\"><img decoding=\"async\" class=\"imgslide\" src=\"https:\/\/notariadelvillar.com\/web\/wp-content\/uploads\/2017\/02\/botonequipo.jpg\" alt=\"\" \/><\/a>            <\/div>\n                        <div>\n                <a href=\"https:\/\/notariadelvillar.com\/web\/index.php\/enlaces-de-interes\/\" target=\"_self\"><img decoding=\"async\" class=\"imgslide\" src=\"https:\/\/notariadelvillar.com\/web\/wp-content\/uploads\/2017\/02\/N3-1.jpg\" alt=\"\" \/><\/a>            <\/div>\n                <\/div><div class=\"clear\"><\/div>\n        <div class=\"pagination\" id=\"pag407151\"><\/div>\n<\/div>[\/vc_column_text][\/vc_column_inner][vc_column_inner width=\u00bb1\/4&#8243;][\/vc_column_inner][\/vc_row_inner][\/vc_column][\/vc_row][vc_row css=\u00bb.vc_custom_1484772336756{margin-top: 50px !important;}\u00bb][vc_column width=\u00bb1\/3&#8243;][vc_single_image image=\u00bb75611&#8243; img_size=\u00bb358 \u00d7 593&#8243;][\/vc_column][vc_column width=\u00bb2\/3&#8243;][vc_column_text css=\u00bb.vc_custom_1738079829359{margin-top: 25px !important;}\u00bb]<\/p>\n<div id=\"WRchTxt1\" class=\"s1\" data-reactid=\".0.$SITE_ROOT.$desktop_siteRoot.$PAGES_CONTAINER.1.1.$SITE_PAGES.$c1n8o.1.$WRchTxt1\">\n<h1 class=\"font_2\">Nuestra Notar\u00eda<\/h1>\n<\/div>\n<div id=\"WRchTxt0\" class=\"s1\" data-reactid=\".0.$SITE_ROOT.$desktop_siteRoot.$PAGES_CONTAINER.1.1.$SITE_PAGES.$c1n8o.1.$WRchTxt0\">\n<p style=\"text-align: justify;\">Notar\u00eda <strong>\u201cDel Villar\u201d<\/strong> funciona desde 1,999 con m\u00e1s de <strong>25 a\u00f1os<\/strong> de reconocida trayectoria en el mercado. Somos una notar\u00eda con una nueva visi\u00f3n e innovaci\u00f3n constante. Especialistas en distintos temas Empresariales, Comerciales, Bancarios, as\u00ed como Derecho Civil (contratos) y Familiar (Divorcios, Declaratoria de Herederos, Rectificaciones de Partidas, Patrimonio Familiar, Reconocimiento de Uni\u00f3n de Hecho, Matrimonio c\u00edvil, etc.).<\/p>\n<p style=\"text-align: justify;\">Contamos con un grupo humano con experiencia, altamente profesional y din\u00e1mico; orientado a dar el mejor servicio a nuestros usuarios con atenci\u00f3n personalizada, rapidez y calidad en un ambiente que sea de su agrado.<\/p>\n<\/div>\n<p>[\/vc_column_text][vc_row_inner css=\u00bb.vc_custom_1487010283225{margin-top: 30px !important;margin-right: 0px !important;margin-bottom: 0px !important;margin-left: 0px !important;padding-top: 5px !important;padding-right: 20px !important;padding-bottom: 5px !important;padding-left: 20px !important;background-color: #cedde5 !important;}\u00bb][vc_column_inner width=\u00bb1\/2&#8243;][vc_column_text]<\/p>\n<h3><strong><span style=\"color: #003366;\">MANUEL DEL VILLAR PRADO<\/span><\/strong><\/h3>\n<p style=\"text-align: justify;\">Abogado, <strong>Notario P\u00fablico de Lima<\/strong>, Egresado de la <strong>Maestr\u00eda<\/strong> en Derecho Civil &#8211; Comercial \u00a0y del <strong>Doctorado<\/strong> por la Universidad Nacional Mayor de San Marcos \u2013UNMSM; \u00a0ha sido <strong>Registrador P\u00fablico de Lima <\/strong>y <strong>Vocal Titular del Tribunal Registral de Ica,<\/strong> Ex-miembro de la Junta Directiva del Colegio de Notarios de Lima (2015-2016); asimismo ha dictado charlas y conferencias en distintas entidades p\u00fablicas y privadas.<\/p>\n<p>[\/vc_column_text][\/vc_column_inner][vc_column_inner width=\u00bb1\/2&#8243;][vc_single_image image=\u00bb75737&#8243; img_size=\u00bb372 \u00d7 295&#8243;][\/vc_column_inner][vc_column_inner][\/vc_column_inner][\/vc_row_inner][\/vc_column][\/vc_row]<\/p>\n","protected":false},"excerpt":{"rendered":"<p>[vc_row css=\u00bb.vc_custom_1484863784964{padding-top: 20px !important;padding-bottom: 20px !important;background-image: url(http:\/\/temporal.taymiperu.com\/wp-content\/uploads\/2016\/12\/M8-1.jpg?id=74997) !important;}\u00bb][vc_column][vc_row_inner][vc_column_inner width=\u00bb1\/4&#8243;][\/vc_column_inner][vc_column_inner width=\u00bb1\/2&#8243;][vc_column_text][\/vc_column_text][\/vc_column_inner][vc_column_inner width=\u00bb1\/4&#8243;][\/vc_column_inner][\/vc_row_inner][\/vc_column][\/vc_row][vc_row css=\u00bb.vc_custom_1484772336756{margin-top: 50px !important;}\u00bb][vc_column width=\u00bb1\/3&#8243;][vc_single_image image=\u00bb75611&#8243; img_size=\u00bb358 \u00d7 593&#8243;][\/vc_column][vc_column width=\u00bb2\/3&#8243;][vc_column_text css=\u00bb.vc_custom_1738079829359{margin-top: 25px !important;}\u00bb] Nuestra Notar\u00eda Notar\u00eda \u201cDel Villar\u201d funciona desde 1,999 con m\u00e1s de 25 a\u00f1os de reconocida trayectoria en el mercado. Somos una notar\u00eda con una nueva visi\u00f3n e innovaci\u00f3n constante. Especialistas en distintos [&hellip;]<\/p>\n","protected":false},"author":1,"featured_media":0,"parent":0,"menu_order":0,"comment_status":"closed","ping_status":"closed","template":"","meta":{"footnotes":""},"class_list":["post-73958","page","type-page","status-publish","hentry"],"_links":{"self":[{"href":"https:\/\/notariadelvillar.com\/web\/index.php\/wp-json\/wp\/v2\/pages\/73958","targetHints":{"allow":["GET"]}}],"collection":[{"href":"https:\/\/notariadelvillar.com\/web\/index.php\/wp-json\/wp\/v2\/pages"}],"about":[{"href":"https:\/\/notariadelvillar.com\/web\/index.php\/wp-json\/wp\/v2\/types\/page"}],"author":[{"embeddable":true,"href":"https:\/\/notariadelvillar.com\/web\/index.php\/wp-json\/wp\/v2\/users\/1"}],"replies":[{"embeddable":true,"href":"https:\/\/notariadelvillar.com\/web\/index.php\/wp-json\/wp\/v2\/comments?post=73958"}],"version-history":[{"count":59,"href":"https:\/\/notariadelvillar.com\/web\/index.php\/wp-json\/wp\/v2\/pages\/73958\/revisions"}],"predecessor-version":[{"id":77241,"href":"https:\/\/notariadelvillar.com\/web\/index.php\/wp-json\/wp\/v2\/pages\/73958\/revisions\/77241"}],"wp:attachment":[{"href":"https:\/\/notariadelvillar.com\/web\/index.php\/wp-json\/wp\/v2\/media?parent=73958"}],"curies":[{"name":"wp","href":"https:\/\/api.w.org\/{rel}","templated":true}]}}