{"id":75379,"date":"2016-12-28T13:51:37","date_gmt":"2016-12-28T13:51:37","guid":{"rendered":"http:\/\/temporal.taymiperu.com\/?page_id=75379"},"modified":"2018-05-25T20:30:24","modified_gmt":"2018-05-25T20:30:24","slug":"equipodetrabajo","status":"publish","type":"page","link":"https:\/\/notariadelvillar.com\/web\/index.php\/equipodetrabajo\/","title":{"rendered":"EQUIPO DE TRABAJO"},"content":{"rendered":"<p>[vc_row css=\u00bb.vc_custom_1484864057386{padding-top: 20px !important;padding-bottom: 20px !important;background-image: url(http:\/\/temporal.taymiperu.com\/wp-content\/uploads\/2016\/12\/M8-1.jpg?id=74997) !important;}\u00bb][vc_column][vc_row_inner][vc_column_inner width=\u00bb1\/4&#8243;][\/vc_column_inner][vc_column_inner width=\u00bb1\/2&#8243;][vc_column_text]<script>\n    jQuery(document).ready(function () {\n        var opt = {};\nopt['source'] = 'image:75829';opt['contentoption'] = '';opt['contentlink'] = '';opt['contenttitle'] = '';opt['contentexcerptrm'] = '';opt['contenttemplate'] = '';opt['superids'] = '';opt['visible'] = '';opt['itemWidth'] = '';opt['itemHeight'] = '';opt['mobileVisible'] = 3;opt['mobileWidth'] = 480;opt['tabletVisible'] = 3;opt['tabletWidth'] = 768;opt['direction'] = 'left';opt['effect'] = 'slide';opt['easing'] = 'linear';opt['easingTime'] = 1000;opt['step'] = 1;opt['auto'] = '';opt['pauseTime'] = 1000;opt['pauseOver'] = '';opt['autoHeight'] = '';opt['slideGap'] = 3;opt['nextPrev'] = '';opt['paging'] = '';opt['circular'] = '';opt['mouseWheel'] = '';opt['swipe'] = '';opt['keys'] = '';opt['superrandom'] = '';opt['smallbut'] = '';opt['navpadding'] = '';opt['navstyle'] = '';opt['customclass'] = 3;opt['autoscroll'] = '';opt['scrollspeed'] = 0.25;opt['superhidden'] = '';opt['mobileItemWidth'] = '';opt['mobileItemHeight'] = '';opt['tabletItemWidth'] = '';opt['tabletItemHeight'] = '';opt['imageSize'] = 'full';opt['caption'] = 'onover';opt['slideHover'] = 'fadein';opt['type'] = 'image';        if (jQuery(\"#supercarousel874602\").find(\">div\").length == 0) {\n            jQuery(\"#supercrsl874602\").hide();\n            return;\n        }\n        \/\/jQuery().framerate();\n        jQuery.fx.interval = 1;\n        var scarousel874602 = jQuery(\"#supercarousel874602\").supercarousel(opt);\n    });\n<\/script>\n<div id=\"supercrsl874602\" class=\"supercrsl\">\n    <div class=\"supercarousel supercaptiononover superslidefadein\" id=\"supercarousel874602\">\n                    <div>\n                <a href=\"https:\/\/notariadelvillar.com\/web\/index.php\/lanotaria\/\" target=\"_self\"><img decoding=\"async\" class=\"imgslide\" src=\"https:\/\/notariadelvillar.com\/web\/wp-content\/uploads\/2017\/02\/VBOYTONNOSOTROS-1.jpg\" alt=\"\" \/><\/a>            <\/div>\n                        <div>\n                <a href=\"https:\/\/notariadelvillar.com\/web\/index.php\/equipodetrabajo\/\" target=\"_self\"><img decoding=\"async\" class=\"imgslide\" src=\"https:\/\/notariadelvillar.com\/web\/wp-content\/uploads\/2017\/02\/botonequipo.jpg\" alt=\"\" \/><\/a>            <\/div>\n                        <div>\n                <a href=\"https:\/\/notariadelvillar.com\/web\/index.php\/enlaces-de-interes\/\" target=\"_self\"><img decoding=\"async\" class=\"imgslide\" src=\"https:\/\/notariadelvillar.com\/web\/wp-content\/uploads\/2017\/02\/N3-1.jpg\" alt=\"\" \/><\/a>            <\/div>\n                <\/div><div class=\"clear\"><\/div>\n        <div class=\"pagination\" id=\"pag874602\"><\/div>\n<\/div>[\/vc_column_text][\/vc_column_inner][vc_column_inner width=\u00bb1\/4&#8243;][\/vc_column_inner][\/vc_row_inner][\/vc_column][\/vc_row][vc_row css=\u00bb.vc_custom_1484867941469{margin-bottom: 30px !important;padding-top: 30px !important;padding-bottom: 30px !important;}\u00bb][vc_column css=\u00bb.vc_custom_1484786038157{margin-top: 40px !important;}\u00bb][vc_row_inner][vc_column_inner width=\u00bb1\/3&#8243;][vc_column_text]<\/p>\n<h3><span style=\"color: #003366;\"><strong>\u00c1REA LEGAL<\/strong><\/span><\/h3>\n<p><strong>VICTOR MIGUEL ANGEL SEVERINO TEJADA<\/strong><br \/>\nvseverino@notariadelvillar.com<br \/>\nTelefono : 3852220\/3852291<br \/>\nAnexo: 123[\/vc_column_text][\/vc_column_inner][vc_column_inner width=\u00bb1\/3&#8243;][vc_column_text]<\/p>\n<h3><span style=\"color: #003366;\"><strong>\u00c1REA LEGAL-NO CONTENCIOSOS<\/strong><\/span><\/h3>\n<p><strong>NATALI TAYPE BARAHONA<\/strong><br \/>\nntaype@notariadelvillar.com<br \/>\nTelefono : 3852220\/3852291<br \/>\nAnexo: 122[\/vc_column_text][\/vc_column_inner][vc_column_inner width=\u00bb1\/3&#8243;][vc_column_text]<\/p>\n<h3><span style=\"color: #003366;\"><strong>\u00c1REA DE LEGALIZACIONES<\/strong><\/span><\/h3>\n<p><strong>MARINA ELENA SALDIVAR ORTIZ<\/strong><br \/>\nmsaldivar@notariadelvillar.com<br \/>\nTelefono : 3852220\/3852291<br \/>\nAnexo: 101[\/vc_column_text][\/vc_column_inner][\/vc_row_inner][\/vc_column][\/vc_row][vc_row css=\u00bb.vc_custom_1484865668605{padding-top: 30px !important;padding-bottom: 30px !important;background-color: #d2e4f2 !important;}\u00bb][vc_column css=\u00bb.vc_custom_1484786038157{margin-top: 40px !important;}\u00bb][vc_row_inner][vc_column_inner width=\u00bb1\/3&#8243;][vc_column_text]<\/p>\n<h3 class=\"font_2\"><strong><span style=\"color: #003366;\">\u00c1REA DE TRANSFERENCIA VEHICULAR Y GARANT\u00cdAS MOBILIARIAS<\/span><\/strong><\/h3>\n<p><strong>MARIA PAMELA MAURATE TORREJON<\/strong><br \/>\nTel\u00e9fono : 3852220\/3852291<br \/>\nAnexo : 112<br \/>\nmmaurate@notariadelvillar.com [\/vc_column_text][\/vc_column_inner][vc_column_inner width=\u00bb1\/3&#8243;][vc_column_text]<\/p>\n<h3><strong><span style=\"color: #003366;\">\u00c1REA DE CONTRATOS BANCO\u00a0<\/span><\/strong><\/h3>\n<p><strong>ESAU JONATAN TAIPE ROMAN<\/strong><br \/>\nTel\u00e9fono : 3852220\/3852291<br \/>\nAnexo : 104<br \/>\netaipe@notariadelvillar.com<\/p>\n<p><strong>YOEL PAOLO TAYPE ALCOCER<\/strong><br \/>\nTel\u00e9fono : 3852220\/3852291<br \/>\nAnexo : 104<br \/>\nytaype@notariadelvillar.com[\/vc_column_text][\/vc_column_inner][vc_column_inner width=\u00bb1\/3&#8243;][vc_column_text]<\/p>\n<h3><strong><span style=\"color: #003366;\">GERENCIA \u00c1REA LEGAL<\/span><\/strong><\/h3>\n<p><strong>OLGA CONSUELO DEL VILLAR PRADO<\/strong><br \/>\nTel\u00e9fono : 3852220\/3852291<br \/>\nAnexo : 111<br \/>\nodelvillar@notariadelvillar.com[\/vc_column_text][\/vc_column_inner][\/vc_row_inner][\/vc_column][\/vc_row][vc_row css=\u00bb.vc_custom_1484868191914{margin-bottom: 30px !important;padding-top: 30px !important;padding-bottom: 30px !important;}\u00bb][vc_column css=\u00bb.vc_custom_1484786038157{margin-top: 40px !important;}\u00bb][vc_row_inner][vc_column_inner width=\u00bb1\/3&#8243;][vc_column_text]<\/p>\n<h3 class=\"font_2\"><strong><span style=\"color: #003366;\">CARTAS NOTARIALES<\/span><\/strong><\/h3>\n<p><strong>MIGUEL ANGEL RAZA FABIAN<\/strong><br \/>\nTel\u00e9fono : 3852220\/3852291<br \/>\nAnexo : 120<br \/>\nmraza@notariadelvillar.com[\/vc_column_text][\/vc_column_inner][vc_column_inner width=\u00bb1\/3&#8243;][vc_column_text]<\/p>\n<h3><strong><span style=\"color: #003366;\">CERTIFICACIONES DE APERTURA LIBROS<\/span><\/strong><\/h3>\n<p><strong>DAVID ALEJANDRO BERNARDO TRUJILLO<\/strong><br \/>\ndbernardo@notariadelvillar.com<br \/>\nTel\u00e9fono : 3852220\/3852291<br \/>\nAnexo : 107[\/vc_column_text][\/vc_column_inner][vc_column_inner width=\u00bb1\/3&#8243;][vc_column_text]<\/p>\n<h3><strong><span style=\"color: #003366;\">\u00c1REA DE SISTEMAS Y TECNOLOG\u00cdA INFORM\u00c1TICA<\/span><\/strong><\/h3>\n<p><strong>MAX HENRY VALENZUELA DEL VILLAR<\/strong><br \/>\nmvalenzuela@notariadelvillar.com<br \/>\nTel\u00e9fono : 3852220\/3852291<br \/>\nAnexo : 116 [\/vc_column_text][\/vc_column_inner][\/vc_row_inner][\/vc_column][\/vc_row][vc_row css=\u00bb.vc_custom_1484865705965{padding-top: 30px !important;padding-bottom: 30px !important;background-color: #d2e4f2 !important;}\u00bb][vc_column css=\u00bb.vc_custom_1484786038157{margin-top: 40px !important;}\u00bb][vc_row_inner][vc_column_inner width=\u00bb1\/3&#8243;][vc_column_text]<\/p>\n<h3 class=\"font_2\"><strong><span style=\"color: #003366;\">SUPERVISOR \u00c1REA DE ESCRITURAS<\/span><\/strong><\/h3>\n<p><strong>ALFREDO HENRIQUEZ COLLANTES<\/strong><br \/>\nahenriquez@notariadelvillar.com<br \/>\nTel\u00e9fono : 3852220\/3852291<br \/>\nAnexo 108[\/vc_column_text][\/vc_column_inner][vc_column_inner width=\u00bb1\/3&#8243;][vc_column_text]<\/p>\n<h3><strong><span style=\"color: #003366;\">SUPERVISOR \u00c1REA DE LEGALIZACIONES Y TRANSFERENCIA VEHICULAR<\/span><\/strong><\/h3>\n<p><span style=\"color: #000000;\"><strong>MILTON REYMUNDO ALCOCER<\/strong><\/span><br \/>\nmreymundo@notariadelvillar.com<br \/>\nTel\u00e9fono : 3852220\/3852291<br \/>\nAnexo 106[\/vc_column_text][\/vc_column_inner][vc_column_inner width=\u00bb1\/3&#8243;][vc_column_text]<\/p>\n<h3><strong><span style=\"color: #003366;\">RR.PP &#8211; MAC<\/span><\/strong><\/h3>\n<p><strong>EDUARDO RUIZ ALANYA<\/strong><br \/>\neruiz@notariadelvillar.com<br \/>\nTel\u00e9fono : 3852220\/3852291<br \/>\nAnexo 103<br \/>\n[\/vc_column_text][\/vc_column_inner][\/vc_row_inner][\/vc_column][\/vc_row][vc_row][vc_column css=\u00bb.vc_custom_1507908176664{margin-top: 40px !important;}\u00bb][vc_row_inner][vc_column_inner width=\u00bb1\/3&#8243;][vc_column_text]<\/p>\n","protected":false},"excerpt":{"rendered":"<p>[vc_row css=\u00bb.vc_custom_1484864057386{padding-top: 20px !important;padding-bottom: 20px !important;background-image: url(http:\/\/temporal.taymiperu.com\/wp-content\/uploads\/2016\/12\/M8-1.jpg?id=74997) !important;}\u00bb][vc_column][vc_row_inner][vc_column_inner width=\u00bb1\/4&#8243;][\/vc_column_inner][vc_column_inner width=\u00bb1\/2&#8243;][vc_column_text][\/vc_column_text][\/vc_column_inner][vc_column_inner width=\u00bb1\/4&#8243;][\/vc_column_inner][\/vc_row_inner][\/vc_column][\/vc_row][vc_row css=\u00bb.vc_custom_1484867941469{margin-bottom: 30px !important;padding-top: 30px !important;padding-bottom: 30px !important;}\u00bb][vc_column css=\u00bb.vc_custom_1484786038157{margin-top: 40px !important;}\u00bb][vc_row_inner][vc_column_inner width=\u00bb1\/3&#8243;][vc_column_text] \u00c1REA LEGAL VICTOR MIGUEL ANGEL SEVERINO TEJADA vseverino@notariadelvillar.com Telefono : 3852220\/3852291 Anexo: 123[\/vc_column_text][\/vc_column_inner][vc_column_inner width=\u00bb1\/3&#8243;][vc_column_text] \u00c1REA LEGAL-NO CONTENCIOSOS NATALI TAYPE BARAHONA ntaype@notariadelvillar.com Telefono : 3852220\/3852291 Anexo: 122[\/vc_column_text][\/vc_column_inner][vc_column_inner width=\u00bb1\/3&#8243;][vc_column_text] \u00c1REA DE LEGALIZACIONES MARINA ELENA SALDIVAR [&hellip;]<\/p>\n","protected":false},"author":1,"featured_media":0,"parent":0,"menu_order":0,"comment_status":"closed","ping_status":"closed","template":"","meta":{"footnotes":""},"class_list":["post-75379","page","type-page","status-publish","hentry"],"_links":{"self":[{"href":"https:\/\/notariadelvillar.com\/web\/index.php\/wp-json\/wp\/v2\/pages\/75379","targetHints":{"allow":["GET"]}}],"collection":[{"href":"https:\/\/notariadelvillar.com\/web\/index.php\/wp-json\/wp\/v2\/pages"}],"about":[{"href":"https:\/\/notariadelvillar.com\/web\/index.php\/wp-json\/wp\/v2\/types\/page"}],"author":[{"embeddable":true,"href":"https:\/\/notariadelvillar.com\/web\/index.php\/wp-json\/wp\/v2\/users\/1"}],"replies":[{"embeddable":true,"href":"https:\/\/notariadelvillar.com\/web\/index.php\/wp-json\/wp\/v2\/comments?post=75379"}],"version-history":[{"count":54,"href":"https:\/\/notariadelvillar.com\/web\/index.php\/wp-json\/wp\/v2\/pages\/75379\/revisions"}],"predecessor-version":[{"id":76217,"href":"https:\/\/notariadelvillar.com\/web\/index.php\/wp-json\/wp\/v2\/pages\/75379\/revisions\/76217"}],"wp:attachment":[{"href":"https:\/\/notariadelvillar.com\/web\/index.php\/wp-json\/wp\/v2\/media?parent=75379"}],"curies":[{"name":"wp","href":"https:\/\/api.w.org\/{rel}","templated":true}]}}